{"id":74,"date":"2021-02-08T18:55:38","date_gmt":"2021-02-08T18:55:38","guid":{"rendered":"https:\/\/azeiteborba.pt\/?post_type=product&#038;p=74"},"modified":"2026-04-01T11:01:32","modified_gmt":"2026-04-01T11:01:32","slug":"dom-borba-bio","status":"publish","type":"product","link":"https:\/\/azeiteborba.pt\/en\/product\/dom-borba-bio\/","title":{"rendered":"Dom Borba Bio"},"content":{"rendered":"<p>For the third consecutive year, the organic olive oil Olival dos Olivicultores de Borba was considered the Best Olive Oil on the Market, in the National Olive Oil Competition of Portugal. To this award, the Alentejo brand added, in the same contest, two more gold medals: the best olive oil in the \u2018Medium green fruity\u201d categories and the \u2018Organic Production Mode\u2019.<\/p>\n<p>The organic production method is a system that encompasses all production stages from agricultural production to distribution and allows healthy food to be obtained through sustainable practices.<\/p>\n<p>Dom Borba Bio olive oil is obtained from olives from Certified Organic Groves in the predominant Galega varieties and small quantities of the Cobran\u00e7osa variety.<\/p>","protected":false},"excerpt":{"rendered":"<p>Produzido a partir das variedades Galega e pequenas quantidades da variedade Cobran\u00e7osa, este azeite certificado biologicamente e com aroma intenso, surge de uma sele\u00e7\u00e3o cuidadosa dos seus frutos, na busca de um sabor mais genu\u00edno.<\/p>\n<p>&nbsp;<\/p>","protected":false},"featured_media":9733,"template":"","meta":{"_joinchat":[]},"product_cat":[27,24,25],"product_tag":[],"class_list":{"0":"post-74","1":"product","2":"type-product","3":"status-publish","4":"has-post-thumbnail","6":"product_cat-azeite-premium","7":"product_cat-azeite-virgem-extra","8":"product_cat-toda-a-gama","10":"first","11":"instock","12":"shipping-taxable","13":"purchasable","14":"product-type-variable","15":"has-default-attributes","16":"rtwpvg-product"},"_links":{"self":[{"href":"https:\/\/azeiteborba.pt\/en\/wp-json\/wp\/v2\/product\/74","targetHints":{"allow":["GET"]}}],"collection":[{"href":"https:\/\/azeiteborba.pt\/en\/wp-json\/wp\/v2\/product"}],"about":[{"href":"https:\/\/azeiteborba.pt\/en\/wp-json\/wp\/v2\/types\/product"}],"wp:featuredmedia":[{"embeddable":true,"href":"https:\/\/azeiteborba.pt\/en\/wp-json\/wp\/v2\/media\/9733"}],"wp:attachment":[{"href":"https:\/\/azeiteborba.pt\/en\/wp-json\/wp\/v2\/media?parent=74"}],"wp:term":[{"taxonomy":"product_cat","embeddable":true,"href":"https:\/\/azeiteborba.pt\/en\/wp-json\/wp\/v2\/product_cat?post=74"},{"taxonomy":"product_tag","embeddable":true,"href":"https:\/\/azeiteborba.pt\/en\/wp-json\/wp\/v2\/product_tag?post=74"}],"curies":[{"name":"wp","href":"https:\/\/api.w.org\/{rel}","templated":true}]}}