{"id":52,"date":"2021-02-08T17:54:09","date_gmt":"2021-02-08T17:54:09","guid":{"rendered":"https:\/\/azeiteborba.pt\/?post_type=product&#038;p=52"},"modified":"2026-04-01T11:11:20","modified_gmt":"2026-04-01T11:11:20","slug":"dom-borba-selecao","status":"publish","type":"product","link":"https:\/\/azeiteborba.pt\/pt\/produto\/dom-borba-selecao\/","title":{"rendered":"Dom Borba Sele\u00e7\u00e3o"},"content":{"rendered":"<p>O azeite virgem extra Borba \u00e9 extra\u00eddo a\u00a0 frio dos nossos lagares. Produzido a partir de azeitonas colhidas em Borba, fruto da sele\u00e7\u00e3o nos lagares dos produtores parceiros. Cada azeitona utilizada cumpre as especifica\u00e7\u00f5es do azeite DOP (calibre e acidez oleica).<\/p>\n<p>&nbsp;<\/p>\n","protected":false},"excerpt":{"rendered":"<p>O Dom Borba \u00e9 um azeite levemente espesso que apresenta um frutado intenso a ma\u00e7\u00e3 e frutos secos, revelando-se suave na boca, doce e de quase impercet\u00edvel amargo e picante com cor amarelo ouro, por vezes ligeiramente esverdeado.<\/p>\n","protected":false},"featured_media":9727,"template":"","meta":{"_joinchat":[]},"product_cat":[24,25],"product_tag":[],"class_list":{"0":"post-52","1":"product","2":"type-product","3":"status-publish","4":"has-post-thumbnail","6":"product_cat-azeite-virgem-extra","7":"product_cat-toda-a-gama","8":"product_shipping_class-garrafa","10":"first","11":"instock","12":"shipping-taxable","13":"purchasable","14":"product-type-variable","15":"has-default-attributes","16":"rtwpvg-product"},"_links":{"self":[{"href":"https:\/\/azeiteborba.pt\/pt\/wp-json\/wp\/v2\/product\/52","targetHints":{"allow":["GET"]}}],"collection":[{"href":"https:\/\/azeiteborba.pt\/pt\/wp-json\/wp\/v2\/product"}],"about":[{"href":"https:\/\/azeiteborba.pt\/pt\/wp-json\/wp\/v2\/types\/product"}],"wp:featuredmedia":[{"embeddable":true,"href":"https:\/\/azeiteborba.pt\/pt\/wp-json\/wp\/v2\/media\/9727"}],"wp:attachment":[{"href":"https:\/\/azeiteborba.pt\/pt\/wp-json\/wp\/v2\/media?parent=52"}],"wp:term":[{"taxonomy":"product_cat","embeddable":true,"href":"https:\/\/azeiteborba.pt\/pt\/wp-json\/wp\/v2\/product_cat?post=52"},{"taxonomy":"product_tag","embeddable":true,"href":"https:\/\/azeiteborba.pt\/pt\/wp-json\/wp\/v2\/product_tag?post=52"}],"curies":[{"name":"wp","href":"https:\/\/api.w.org\/{rel}","templated":true}]}}