{"id":65,"date":"2021-02-08T18:36:14","date_gmt":"2021-02-08T18:36:14","guid":{"rendered":"https:\/\/azeiteborba.pt\/?post_type=product&#038;p=65"},"modified":"2026-04-01T11:03:18","modified_gmt":"2026-04-01T11:03:18","slug":"dom-borba-classico","status":"publish","type":"product","link":"https:\/\/azeiteborba.pt\/pt\/produto\/dom-borba-classico\/","title":{"rendered":"Dom Borba Cl\u00e1ssico"},"content":{"rendered":"<p>O azeite virgem extra Borba \u00e9 extra\u00eddo a\u00a0 frio dos nossos lagares. Produzido a partir de azeitonas colhidas em Borba, fruto da sele\u00e7\u00e3o das azeitonas galegas.<\/p>\n","protected":false},"excerpt":{"rendered":"<p>Azeite virgem, obtido unicamente por processos mec\u00e2nicos, a partir de azeitonas maduras, maioritariamente da variedade Galega.<\/p>\n","protected":false},"featured_media":9723,"template":"","meta":{"_joinchat":[]},"product_cat":[24,25],"product_tag":[],"class_list":{"0":"post-65","1":"product","2":"type-product","3":"status-publish","4":"has-post-thumbnail","6":"product_cat-azeite-virgem-extra","7":"product_cat-toda-a-gama","9":"first","10":"instock","11":"shipping-taxable","12":"purchasable","13":"product-type-variable","14":"rtwpvg-product"},"_links":{"self":[{"href":"https:\/\/azeiteborba.pt\/pt\/wp-json\/wp\/v2\/product\/65","targetHints":{"allow":["GET"]}}],"collection":[{"href":"https:\/\/azeiteborba.pt\/pt\/wp-json\/wp\/v2\/product"}],"about":[{"href":"https:\/\/azeiteborba.pt\/pt\/wp-json\/wp\/v2\/types\/product"}],"wp:featuredmedia":[{"embeddable":true,"href":"https:\/\/azeiteborba.pt\/pt\/wp-json\/wp\/v2\/media\/9723"}],"wp:attachment":[{"href":"https:\/\/azeiteborba.pt\/pt\/wp-json\/wp\/v2\/media?parent=65"}],"wp:term":[{"taxonomy":"product_cat","embeddable":true,"href":"https:\/\/azeiteborba.pt\/pt\/wp-json\/wp\/v2\/product_cat?post=65"},{"taxonomy":"product_tag","embeddable":true,"href":"https:\/\/azeiteborba.pt\/pt\/wp-json\/wp\/v2\/product_tag?post=65"}],"curies":[{"name":"wp","href":"https:\/\/api.w.org\/{rel}","templated":true}]}}