{"id":74,"date":"2021-02-08T18:55:38","date_gmt":"2021-02-08T18:55:38","guid":{"rendered":"https:\/\/azeiteborba.pt\/?post_type=product&#038;p=74"},"modified":"2026-04-01T11:01:32","modified_gmt":"2026-04-01T11:01:32","slug":"dom-borba-bio","status":"publish","type":"product","link":"https:\/\/azeiteborba.pt\/pt\/produto\/dom-borba-bio\/","title":{"rendered":"Dom Borba Bio"},"content":{"rendered":"<p>O azeite Biol\u00f3gico Olival dos Olivicultores de Borba foi considerado pelo terceiro ano consecutivo o Melhor Azeite de Mercado, no Concurso Nacional de Azeites de Portugal. A este pr\u00e9mio, a marca alentejana juntou, no mesmo concurso, mais duas medalhas de ouro: a de melhor azeite nas categorias &#8216;Frutado verde M\u00e9dio&#8217; e a de &#8216;Modo de Produ\u00e7\u00e3o Biol\u00f3gico&#8217;.<\/p>\n<p>O modo de produ\u00e7\u00e3o biol\u00f3gico \u00e9 um sistema que engloba todas as etapas produtivas desde a produ\u00e7\u00e3o agr\u00edcola at\u00e9 \u00e0 distribui\u00e7\u00e3o e permite a obten\u00e7\u00e3o de alimentos saud\u00e1veis, atrav\u00e9s de pr\u00e1ticas sustent\u00e1veis.<\/p>\n<p>O azeite Dom Borba Bio \u00e9 obtido atrav\u00e9s de azeitonas provenientes de Olivais Certificados em modo biol\u00f3gico das variedades predominantes Galega e pequenas quantidades da variedade Cobran\u00e7osa.<\/p>\n","protected":false},"excerpt":{"rendered":"<p>Produzido a partir das variedades Galega e pequenas quantidades da variedade Cobran\u00e7osa, este azeite certificado biologicamente e com aroma intenso, surge de uma sele\u00e7\u00e3o cuidadosa dos seus frutos, na busca de um sabor mais genu\u00edno.<\/p>\n<p>&nbsp;<\/p>\n","protected":false},"featured_media":9733,"template":"","meta":{"_joinchat":[]},"product_cat":[27,24,25],"product_tag":[],"class_list":{"0":"post-74","1":"product","2":"type-product","3":"status-publish","4":"has-post-thumbnail","6":"product_cat-azeite-premium","7":"product_cat-azeite-virgem-extra","8":"product_cat-toda-a-gama","10":"first","11":"instock","12":"shipping-taxable","13":"purchasable","14":"product-type-variable","15":"has-default-attributes","16":"rtwpvg-product"},"_links":{"self":[{"href":"https:\/\/azeiteborba.pt\/pt\/wp-json\/wp\/v2\/product\/74","targetHints":{"allow":["GET"]}}],"collection":[{"href":"https:\/\/azeiteborba.pt\/pt\/wp-json\/wp\/v2\/product"}],"about":[{"href":"https:\/\/azeiteborba.pt\/pt\/wp-json\/wp\/v2\/types\/product"}],"wp:featuredmedia":[{"embeddable":true,"href":"https:\/\/azeiteborba.pt\/pt\/wp-json\/wp\/v2\/media\/9733"}],"wp:attachment":[{"href":"https:\/\/azeiteborba.pt\/pt\/wp-json\/wp\/v2\/media?parent=74"}],"wp:term":[{"taxonomy":"product_cat","embeddable":true,"href":"https:\/\/azeiteborba.pt\/pt\/wp-json\/wp\/v2\/product_cat?post=74"},{"taxonomy":"product_tag","embeddable":true,"href":"https:\/\/azeiteborba.pt\/pt\/wp-json\/wp\/v2\/product_tag?post=74"}],"curies":[{"name":"wp","href":"https:\/\/api.w.org\/{rel}","templated":true}]}}