{"id":79,"date":"2021-02-08T18:58:33","date_gmt":"2021-02-08T18:58:33","guid":{"rendered":"https:\/\/azeiteborba.pt\/?post_type=product&#038;p=79"},"modified":"2026-04-01T10:59:16","modified_gmt":"2026-04-01T10:59:16","slug":"dom-borba-schonberg","status":"publish","type":"product","link":"https:\/\/azeiteborba.pt\/pt\/produto\/dom-borba-schonberg\/","title":{"rendered":"Dom Borba Sch\u00f6nberg"},"content":{"rendered":"<p>&#8220;Antes de atingir Vila Vi\u00e7osa, \u00e9 decidido pelo comando das for\u00e7as portuguesas que as tropas se detenham na \u00e1rea de Montes Claros, a meio caminho entre Estremoz e a vila sitiada, onde consideram que o terreno lhes ser\u00e1 favor\u00e1vel&#8230;&#8221;<\/p>\n<p>&#8220;Para Portugal, a batalha de Montes Claros \u00e9 a vit\u00f3ria militar que decide irreversivelmente a independ\u00eancia e abre definitivamente o caminho para o tratado de paz com a Espanha&#8221;.<\/p>\n<p>&#8220;O papel do conde de Sch\u00f6nberg na Guerra de Restaura\u00e7\u00e3o \u00e9 incontorn\u00e1vel; as suas qualidades profissionais e lingu\u00edsticas garantem-lhe o comando das tropas estrangeiras, uma vez que ele possui a rara qualidade de transformar v\u00e1rias for\u00e7as heterog\u00e9neas em unidades de combate eficazes. Al\u00e9m disso, demonstra ter uma \u00e9tica de trabalho irrepreens\u00edvel e uma\u00a0 atitude extremamente determinada em rela\u00e7\u00e3o aos objetivos a atingir&#8221;.<\/p>\n<p>&nbsp;<\/p>\n","protected":false},"excerpt":{"rendered":"<p><span style=\"font-family: georgia, palatino, serif;font-size: 18pt\">17 de Junho | 1665 &#8211; 2020 | 355 Anos<\/span><\/p>\n<p><span style=\"font-family: georgia, palatino, serif\">Batalha de Montes Claros, uma Batalha Decisiva para a Hist\u00f3ria de Portugal. Comemoramos esta data especial com sabores \u00fanicos: Azeite Sch\u00f6nberg. Proveniente de Olivais seculares, pr\u00f3ximo do campo de Batalha.<\/span><\/p>\n<p><span style=\"font-family: georgia, palatino, serif;font-size: 12pt\">Embalagem de 500 ml.<\/span><\/p>\n<p>&nbsp;<\/p>\n","protected":false},"featured_media":9730,"template":"","meta":{"_joinchat":[]},"product_cat":[27,24,25],"product_tag":[],"class_list":{"0":"post-79","1":"product","2":"type-product","3":"status-publish","4":"has-post-thumbnail","6":"product_cat-azeite-premium","7":"product_cat-azeite-virgem-extra","8":"product_cat-toda-a-gama","10":"first","11":"instock","12":"shipping-taxable","13":"purchasable","14":"product-type-simple"},"_links":{"self":[{"href":"https:\/\/azeiteborba.pt\/pt\/wp-json\/wp\/v2\/product\/79","targetHints":{"allow":["GET"]}}],"collection":[{"href":"https:\/\/azeiteborba.pt\/pt\/wp-json\/wp\/v2\/product"}],"about":[{"href":"https:\/\/azeiteborba.pt\/pt\/wp-json\/wp\/v2\/types\/product"}],"wp:featuredmedia":[{"embeddable":true,"href":"https:\/\/azeiteborba.pt\/pt\/wp-json\/wp\/v2\/media\/9730"}],"wp:attachment":[{"href":"https:\/\/azeiteborba.pt\/pt\/wp-json\/wp\/v2\/media?parent=79"}],"wp:term":[{"taxonomy":"product_cat","embeddable":true,"href":"https:\/\/azeiteborba.pt\/pt\/wp-json\/wp\/v2\/product_cat?post=79"},{"taxonomy":"product_tag","embeddable":true,"href":"https:\/\/azeiteborba.pt\/pt\/wp-json\/wp\/v2\/product_tag?post=79"}],"curies":[{"name":"wp","href":"https:\/\/api.w.org\/{rel}","templated":true}]}}